{"id":3943,"date":"2025-11-08T09:01:17","date_gmt":"2025-11-08T08:01:17","guid":{"rendered":"http:\/\/www.abcinvoice.eu\/?page_id=3943"},"modified":"2026-01-29T14:47:11","modified_gmt":"2026-01-29T13:47:11","slug":"inscription","status":"publish","type":"page","link":"https:\/\/www.abcinvoice.eu\/fr\/inscription\/","title":{"rendered":"Proc\u00e9dure d&rsquo;inscription"},"content":{"rendered":"\t\t<div data-elementor-type=\"wp-page\" data-elementor-id=\"3943\" class=\"elementor elementor-3943\" data-elementor-post-type=\"page\">\n\t\t\t\t<div class=\"elementor-element elementor-element-7330026 e-flex e-con-boxed e-con e-parent\" data-id=\"7330026\" data-element_type=\"container\">\n\t\t\t\t\t<div class=\"e-con-inner\">\n\t\t\t\t<div class=\"elementor-element elementor-element-40ae812 elementor-widget elementor-widget-text-editor\" data-id=\"40ae812\" data-element_type=\"widget\" data-widget_type=\"text-editor.default\">\n\t\t\t\t<div class=\"elementor-widget-container\">\n\t\t\t\t\t\t\t\t\t<p>Pour cr\u00e9er et configurer votre compte de facturation \u00e9lectronique <strong>ABCinvoice.eu<\/strong>, suivez les \u00e9tapes ci-dessous (la liste para\u00eet longue mais c\u2019est tr\u00e8s simple).<\/p><h3>1. Cr\u00e9ation du compte<\/h3><ol><li><a href=\"https:\/\/app.abcinvoice.eu\/auth\/signup\" target=\"_blank\" rel=\"noopener noreferrer\">Cliquez ici<\/a>. Le lien doit ouvrir une nouvelle fen\u00eatre ou un nouvel onglet afin que vous puissiez continuer de voir cette liste.<\/li><\/ol>\t\t\t\t\t\t\t\t<\/div>\n\t\t\t\t<\/div>\n\t\t\t\t<div class=\"elementor-element elementor-element-3ee20c4 elementor-align-center elementor-widget elementor-widget-button\" data-id=\"3ee20c4\" data-element_type=\"widget\" data-widget_type=\"button.default\">\n\t\t\t\t<div class=\"elementor-widget-container\">\n\t\t\t\t\t\t\t\t\t<div class=\"elementor-button-wrapper\">\n\t\t\t\t\t<a class=\"elementor-button elementor-button-link elementor-size-sm\" href=\"https:\/\/app.abcinvoice.eu\/auth\/signup\" target=\"_blank\">\n\t\t\t\t\t\t<span class=\"elementor-button-content-wrapper\">\n\t\t\t\t\t\t\t\t\t<span class=\"elementor-button-text\">Je m'inscris<\/span>\n\t\t\t\t\t<\/span>\n\t\t\t\t\t<\/a>\n\t\t\t\t<\/div>\n\t\t\t\t\t\t\t\t<\/div>\n\t\t\t\t<\/div>\n\t\t\t\t<div class=\"elementor-element elementor-element-8188a3b elementor-widget elementor-widget-text-editor\" data-id=\"8188a3b\" data-element_type=\"widget\" data-widget_type=\"text-editor.default\">\n\t\t\t\t<div class=\"elementor-widget-container\">\n\t\t\t\t\t\t\t\t\t<ol start=\"2\"><li>Saisissez votre <strong>adresse e-mail<\/strong> et choisissez un <strong>mot de passe<\/strong>, puis acceptez les conditions. Cliquez sur <strong>Suivant<\/strong>.<\/li><li>Vous recevrez ensuite un <strong>e-mail de confirmation<\/strong> : cliquez sur le lien qu\u2019il contient pour <strong>valider la cr\u00e9ation de votre compte<\/strong>.<br \/>(Si vous ne le voyez pas, v\u00e9rifiez votre dossier \u00ab courriers ind\u00e9sirables \u00bb ou \u00ab spam \u00bb.)<\/li><\/ol><h3>2. Informations de l\u2019entreprise<\/h3><ol start=\"4\"><li>Compl\u00e9tez le <strong>nom<\/strong> et les <strong>coordonn\u00e9es de votre entreprise<\/strong> (adresse, num\u00e9ro de TVA, etc.).<br \/><strong>IMPORTANT<\/strong> : Si \u00e0 cette \u00e9tape vous recevez un message d\u2019erreur, nous vous recontacterons le plus rapidement possible. La cause probable est que votre entreprise est d\u00e9j\u00e0 inscrite chez un autre prestataire et que nous devons g\u00e9rer le transfert. Les proc\u00e9dures de d\u00e9sinscription sont document\u00e9es <a href=\"https:\/\/support.abcinvoice.eu\/fr\/support\/solutions\/articles\/22000293163-comment-se-d%C3%A9sinscrire-de-mon-prestataire-pr%C3%A9c%C3%A9dent\" target=\"_blank\" rel=\"noopener\">ici<\/a>.<\/li><\/ol><h3>3. Choix du forfait et paiement<\/h3><ol start=\"5\"><li>S\u00e9lectionnez le <strong>plan d\u2019abonnement<\/strong> correspondant \u00e0 vos besoins et proc\u00e9dez au paiement.<br \/><strong>FRANCE<\/strong> : Quelle que soit la formule que vous choisissiez, le service est gratuit jusqu&rsquo;au 1\/9\/2026, date butoir pour la r\u00e9ception de factures \u00e9lectronique.<br \/><strong>N&rsquo;OUBLIEZ PAS !<\/strong> Sur la page de paiement, vous pouvez utiliser les codes promotionnels actuellement disponibles :<\/li><\/ol><ul><li style=\"list-style-type: none;\"><ul><li><strong>WELCOME20<\/strong> : 20% de remise sur les plans annuels<\/li><li><strong>WELCOME6<\/strong> : 6 mois gratuits sur le plan <strong>ABC Perso<\/strong><\/li><\/ul><\/li><\/ul><h3>4. Param\u00e9trage du profil<\/h3><ol start=\"6\"><li>Dans le menu <strong>Param\u00e8tres<\/strong> (en bas \u00e0 gauche de votre application), personnalisez votre profil :<\/li><\/ol><ul><li>Ajoutez le <strong>logo<\/strong> de votre entreprise, qui figurera sur les repr\u00e9sentations lisibles de vos factures.<\/li><li>T\u00e9l\u00e9versez un <strong>document officiel<\/strong> (extrait BCE, attestation, etc.) pour la <strong>v\u00e9rification de l\u2019identit\u00e9<\/strong> de votre soci\u00e9t\u00e9.<\/li><\/ul><h3>5. Activation de la r\u00e9ception des factures \u00e9lectroniques<\/h3><ol start=\"7\"><li>Cochez les cases pour activer votre <strong>compte PEPPOL<\/strong> et la <strong>r\u00e9ception de vos factures \u00e9lectroniques<\/strong> sur ABCinvoice.eu. (Il est possible d\u2019utiliser un autre prestataire pour la r\u00e9ception de factures, mais <a href=\"https:\/\/www.abcinvoice.eu\/fr\/obligations-legales-par-pays-sur-la-facturation-electronique\/\">la loi rend obligatoire<\/a> pour toutes les entreprises assujetties \u00e0 la TVA d\u2019\u00eatre capables de recevoir des factures \u00e9lectroniques.)<\/li><\/ol><h3>6. Validation finale<\/h3><p>Une fois la v\u00e9rification effectu\u00e9e par notre \u00e9quipe (sous 2 jours ouvrables maximum), vous recevrez un <strong>e-mail de confirmation<\/strong>.<br \/>Vous pourrez alors <a href=\"https:\/\/app.abcinvoice.eu\">acc\u00e9der<\/a> \u00e0 l\u2019ensemble des <strong>fonctionnalit\u00e9s du service ABCinvoice.eu<\/strong> : \u00e9mission, r\u00e9ception et suivi de vos factures \u00e9lectroniques en toute conformit\u00e9.<\/p>\t\t\t\t\t\t\t\t<\/div>\n\t\t\t\t<\/div>\n\t\t\t\t<div class=\"elementor-element elementor-element-cdccea3 elementor-align-center elementor-widget elementor-widget-button\" data-id=\"cdccea3\" data-element_type=\"widget\" data-widget_type=\"button.default\">\n\t\t\t\t<div class=\"elementor-widget-container\">\n\t\t\t\t\t\t\t\t\t<div class=\"elementor-button-wrapper\">\n\t\t\t\t\t<a class=\"elementor-button elementor-button-link elementor-size-sm\" href=\"https:\/\/app.abcinvoice.eu\" target=\"_blank\">\n\t\t\t\t\t\t<span class=\"elementor-button-content-wrapper\">\n\t\t\t\t\t\t\t\t\t<span class=\"elementor-button-text\">Acc\u00e8s \u00e0 ABCinvoice.eu<\/span>\n\t\t\t\t\t<\/span>\n\t\t\t\t\t<\/a>\n\t\t\t\t<\/div>\n\t\t\t\t\t\t\t\t<\/div>\n\t\t\t\t<\/div>\n\t\t\t\t\t<\/div>\n\t\t\t\t<\/div>\n\t\t\t\t<\/div>\n\t\t","protected":false},"excerpt":{"rendered":"<p>Pour cr\u00e9er et configurer votre compte de facturation \u00e9lectronique ABCinvoice.eu, suivez les \u00e9tapes ci-dessous (la liste para\u00eet longue mais c\u2019est tr\u00e8s simple). 1. Cr\u00e9ation du compte Cliquez ici. Le lien doit ouvrir une nouvelle fen\u00eatre ou un nouvel onglet afin que vous puissiez continuer de voir cette liste. Je m&rsquo;inscris Saisissez votre adresse e-mail et [&hellip;]<\/p>\n","protected":false},"author":3,"featured_media":0,"parent":0,"menu_order":0,"comment_status":"closed","ping_status":"closed","template":"","meta":{"footnotes":""},"class_list":["post-3943","page","type-page","status-publish","hentry"],"yoast_head":"<!-- This site is optimized with the Yoast SEO plugin v27.5 - https:\/\/yoast.com\/product\/yoast-seo-wordpress\/ -->\n<title>Proc\u00e9dure d&#039;inscription - ABCinvoice.eu<\/title>\n<meta name=\"robots\" content=\"index, follow, max-snippet:-1, max-image-preview:large, max-video-preview:-1\" \/>\n<link rel=\"canonical\" href=\"https:\/\/www.abcinvoice.eu\/fr\/inscription\/\" \/>\n<meta property=\"og:locale\" content=\"fr_FR\" \/>\n<meta property=\"og:type\" content=\"article\" \/>\n<meta property=\"og:title\" content=\"Proc\u00e9dure d&#039;inscription - ABCinvoice.eu\" \/>\n<meta property=\"og:description\" content=\"Pour cr\u00e9er et configurer votre compte de facturation \u00e9lectronique ABCinvoice.eu, suivez les \u00e9tapes ci-dessous (la liste para\u00eet longue mais c\u2019est tr\u00e8s simple). 1. Cr\u00e9ation du compte Cliquez ici. Le lien doit ouvrir une nouvelle fen\u00eatre ou un nouvel onglet afin que vous puissiez continuer de voir cette liste. Je m&rsquo;inscris Saisissez votre adresse e-mail et [&hellip;]\" \/>\n<meta property=\"og:url\" content=\"https:\/\/www.abcinvoice.eu\/fr\/inscription\/\" \/>\n<meta property=\"og:site_name\" content=\"ABCinvoice.eu\" \/>\n<meta property=\"article:modified_time\" content=\"2026-01-29T13:47:11+00:00\" \/>\n<meta name=\"twitter:card\" content=\"summary_large_image\" \/>\n<meta name=\"twitter:label1\" content=\"Dur\u00e9e de lecture estim\u00e9e\" \/>\n\t<meta name=\"twitter:data1\" content=\"2 minutes\" \/>\n<script type=\"application\/ld+json\" class=\"yoast-schema-graph\">{\"@context\":\"https:\\\/\\\/schema.org\",\"@graph\":[{\"@type\":\"WebPage\",\"@id\":\"https:\\\/\\\/www.abcinvoice.eu\\\/fr\\\/inscription\\\/\",\"url\":\"https:\\\/\\\/www.abcinvoice.eu\\\/fr\\\/inscription\\\/\",\"name\":\"Proc\u00e9dure d'inscription - ABCinvoice.eu\",\"isPartOf\":{\"@id\":\"https:\\\/\\\/www.abcinvoice.eu\\\/fr\\\/#website\"},\"datePublished\":\"2025-11-08T08:01:17+00:00\",\"dateModified\":\"2026-01-29T13:47:11+00:00\",\"breadcrumb\":{\"@id\":\"https:\\\/\\\/www.abcinvoice.eu\\\/fr\\\/inscription\\\/#breadcrumb\"},\"inLanguage\":\"fr-FR\",\"potentialAction\":[{\"@type\":\"ReadAction\",\"target\":[\"https:\\\/\\\/www.abcinvoice.eu\\\/fr\\\/inscription\\\/\"]}]},{\"@type\":\"BreadcrumbList\",\"@id\":\"https:\\\/\\\/www.abcinvoice.eu\\\/fr\\\/inscription\\\/#breadcrumb\",\"itemListElement\":[{\"@type\":\"ListItem\",\"position\":1,\"name\":\"Accueil\",\"item\":\"https:\\\/\\\/www.abcinvoice.eu\\\/fr\\\/\"},{\"@type\":\"ListItem\",\"position\":2,\"name\":\"Proc\u00e9dure d&rsquo;inscription\"}]},{\"@type\":\"WebSite\",\"@id\":\"https:\\\/\\\/www.abcinvoice.eu\\\/fr\\\/#website\",\"url\":\"https:\\\/\\\/www.abcinvoice.eu\\\/fr\\\/\",\"name\":\"ABCinvoice.eu\",\"description\":\"La facturation \u00e9lectronique facile\",\"publisher\":{\"@id\":\"https:\\\/\\\/www.abcinvoice.eu\\\/fr\\\/#organization\"},\"potentialAction\":[{\"@type\":\"SearchAction\",\"target\":{\"@type\":\"EntryPoint\",\"urlTemplate\":\"https:\\\/\\\/www.abcinvoice.eu\\\/fr\\\/?s={search_term_string}\"},\"query-input\":{\"@type\":\"PropertyValueSpecification\",\"valueRequired\":true,\"valueName\":\"search_term_string\"}}],\"inLanguage\":\"fr-FR\"},{\"@type\":\"Organization\",\"@id\":\"https:\\\/\\\/www.abcinvoice.eu\\\/fr\\\/#organization\",\"name\":\"ABCinvoice.eu\",\"url\":\"https:\\\/\\\/www.abcinvoice.eu\\\/fr\\\/\",\"logo\":{\"@type\":\"ImageObject\",\"inLanguage\":\"fr-FR\",\"@id\":\"https:\\\/\\\/www.abcinvoice.eu\\\/fr\\\/#\\\/schema\\\/logo\\\/image\\\/\",\"url\":\"https:\\\/\\\/www.abcinvoice.eu\\\/wp-content\\\/uploads\\\/2025\\\/06\\\/Fichier-101@2x.png\",\"contentUrl\":\"https:\\\/\\\/www.abcinvoice.eu\\\/wp-content\\\/uploads\\\/2025\\\/06\\\/Fichier-101@2x.png\",\"width\":1234,\"height\":155,\"caption\":\"ABCinvoice.eu\"},\"image\":{\"@id\":\"https:\\\/\\\/www.abcinvoice.eu\\\/fr\\\/#\\\/schema\\\/logo\\\/image\\\/\"}}]}<\/script>\n<!-- \/ Yoast SEO plugin. -->","yoast_head_json":{"title":"Proc\u00e9dure d'inscription - ABCinvoice.eu","robots":{"index":"index","follow":"follow","max-snippet":"max-snippet:-1","max-image-preview":"max-image-preview:large","max-video-preview":"max-video-preview:-1"},"canonical":"https:\/\/www.abcinvoice.eu\/fr\/inscription\/","og_locale":"fr_FR","og_type":"article","og_title":"Proc\u00e9dure d'inscription - ABCinvoice.eu","og_description":"Pour cr\u00e9er et configurer votre compte de facturation \u00e9lectronique ABCinvoice.eu, suivez les \u00e9tapes ci-dessous (la liste para\u00eet longue mais c\u2019est tr\u00e8s simple). 1. Cr\u00e9ation du compte Cliquez ici. Le lien doit ouvrir une nouvelle fen\u00eatre ou un nouvel onglet afin que vous puissiez continuer de voir cette liste. Je m&rsquo;inscris Saisissez votre adresse e-mail et [&hellip;]","og_url":"https:\/\/www.abcinvoice.eu\/fr\/inscription\/","og_site_name":"ABCinvoice.eu","article_modified_time":"2026-01-29T13:47:11+00:00","twitter_card":"summary_large_image","twitter_misc":{"Dur\u00e9e de lecture estim\u00e9e":"2 minutes"},"schema":{"@context":"https:\/\/schema.org","@graph":[{"@type":"WebPage","@id":"https:\/\/www.abcinvoice.eu\/fr\/inscription\/","url":"https:\/\/www.abcinvoice.eu\/fr\/inscription\/","name":"Proc\u00e9dure d'inscription - ABCinvoice.eu","isPartOf":{"@id":"https:\/\/www.abcinvoice.eu\/fr\/#website"},"datePublished":"2025-11-08T08:01:17+00:00","dateModified":"2026-01-29T13:47:11+00:00","breadcrumb":{"@id":"https:\/\/www.abcinvoice.eu\/fr\/inscription\/#breadcrumb"},"inLanguage":"fr-FR","potentialAction":[{"@type":"ReadAction","target":["https:\/\/www.abcinvoice.eu\/fr\/inscription\/"]}]},{"@type":"BreadcrumbList","@id":"https:\/\/www.abcinvoice.eu\/fr\/inscription\/#breadcrumb","itemListElement":[{"@type":"ListItem","position":1,"name":"Accueil","item":"https:\/\/www.abcinvoice.eu\/fr\/"},{"@type":"ListItem","position":2,"name":"Proc\u00e9dure d&rsquo;inscription"}]},{"@type":"WebSite","@id":"https:\/\/www.abcinvoice.eu\/fr\/#website","url":"https:\/\/www.abcinvoice.eu\/fr\/","name":"ABCinvoice.eu","description":"La facturation \u00e9lectronique facile","publisher":{"@id":"https:\/\/www.abcinvoice.eu\/fr\/#organization"},"potentialAction":[{"@type":"SearchAction","target":{"@type":"EntryPoint","urlTemplate":"https:\/\/www.abcinvoice.eu\/fr\/?s={search_term_string}"},"query-input":{"@type":"PropertyValueSpecification","valueRequired":true,"valueName":"search_term_string"}}],"inLanguage":"fr-FR"},{"@type":"Organization","@id":"https:\/\/www.abcinvoice.eu\/fr\/#organization","name":"ABCinvoice.eu","url":"https:\/\/www.abcinvoice.eu\/fr\/","logo":{"@type":"ImageObject","inLanguage":"fr-FR","@id":"https:\/\/www.abcinvoice.eu\/fr\/#\/schema\/logo\/image\/","url":"https:\/\/www.abcinvoice.eu\/wp-content\/uploads\/2025\/06\/Fichier-101@2x.png","contentUrl":"https:\/\/www.abcinvoice.eu\/wp-content\/uploads\/2025\/06\/Fichier-101@2x.png","width":1234,"height":155,"caption":"ABCinvoice.eu"},"image":{"@id":"https:\/\/www.abcinvoice.eu\/fr\/#\/schema\/logo\/image\/"}}]}},"jetpack_sharing_enabled":true,"_links":{"self":[{"href":"https:\/\/www.abcinvoice.eu\/fr\/wp-json\/wp\/v2\/pages\/3943","targetHints":{"allow":["GET"]}}],"collection":[{"href":"https:\/\/www.abcinvoice.eu\/fr\/wp-json\/wp\/v2\/pages"}],"about":[{"href":"https:\/\/www.abcinvoice.eu\/fr\/wp-json\/wp\/v2\/types\/page"}],"author":[{"embeddable":true,"href":"https:\/\/www.abcinvoice.eu\/fr\/wp-json\/wp\/v2\/users\/3"}],"replies":[{"embeddable":true,"href":"https:\/\/www.abcinvoice.eu\/fr\/wp-json\/wp\/v2\/comments?post=3943"}],"version-history":[{"count":16,"href":"https:\/\/www.abcinvoice.eu\/fr\/wp-json\/wp\/v2\/pages\/3943\/revisions"}],"predecessor-version":[{"id":4815,"href":"https:\/\/www.abcinvoice.eu\/fr\/wp-json\/wp\/v2\/pages\/3943\/revisions\/4815"}],"wp:attachment":[{"href":"https:\/\/www.abcinvoice.eu\/fr\/wp-json\/wp\/v2\/media?parent=3943"}],"curies":[{"name":"wp","href":"https:\/\/api.w.org\/{rel}","templated":true}]}}