{"id":3584,"date":"2025-11-08T11:40:49","date_gmt":"2025-11-08T10:40:49","guid":{"rendered":"http:\/\/www.abcinvoice.eu\/?page_id=3584"},"modified":"2025-11-08T11:57:06","modified_gmt":"2025-11-08T10:57:06","slug":"flux","status":"publish","type":"page","link":"https:\/\/www.abcinvoice.eu\/fr\/flux\/","title":{"rendered":"Les flux d&rsquo;ABCinvoice.eu"},"content":{"rendered":"\n<p>ABCinvoice.eu propose plusieurs flux pour vous permettre d&rsquo;interagir de la mani\u00e8re la plus efficace pour vous. Bien s\u00fbr vous pouvez cumuler. <strong>Tout est inclus<\/strong> dans votre abonnement.<\/p>\n\n\n\n<figure class=\"wp-block-embed aligncenter is-type-video is-provider-vimeo wp-block-embed-vimeo\"><div class=\"wp-block-embed__wrapper\">\n<iframe title=\"ABCinvoice.eu Flux\" src=\"https:\/\/player.vimeo.com\/video\/1133657563?dnt=1&amp;app_id=122963\" width=\"800\" height=\"517\" frameborder=\"0\" allow=\"autoplay; fullscreen; picture-in-picture; clipboard-write; encrypted-media; web-share\" referrerpolicy=\"strict-origin-when-cross-origin\"><\/iframe>\n<\/div><\/figure>\n\n\n\n<h2 class=\"wp-block-heading\">1 &#8211; L&rsquo;application web ou \u00ab\u00a0portail\u00a0\u00bb<\/h2>\n\n\n\n<p>Rendez-vous sur <a href=\"https:\/\/app.abcinvoice.eu\">app.abcinvoice.eu<\/a> et g\u00e9rez vos clients, contacts, factures entrantes et sortantes.<\/p>\n\n\n\n<h2 class=\"wp-block-heading\">2 &#8211; Un simple e-mail<\/h2>\n\n\n\n<p>Vous aviez l&rsquo;habitude d&rsquo;envoyer vos factures en PDF \u00e0 vos clients ? Ne changez rien !<\/p>\n\n\n\n<p>Il vous suffit de changer l&rsquo;adresse e-mail du destinataire, et nous nous chargeons du reste ! Quand vous cr\u00e9ez un compte ABCinvoice.eu, une adresse email vous est attribu\u00e9e. Il vous suffit d&rsquo;y envoyer vos factures en PDF, et hop, votre facture \u00e9lectronique est disponible, pr\u00e9-analys\u00e9e, sur votre portail<\/p>\n\n\n\n<p>Encore mieux ! \u00c7a marche aussi pour les factures entrantes&nbsp;! Il vous suffit de \u00ab\u00a0forwarder\u00a0\u00bb vos factures d&rsquo;achats, y compris les factures provenant de pays tiers ou dans d&rsquo;autres devises&nbsp;!<\/p>\n\n\n\n<h2 class=\"wp-block-heading\">3 &#8211; Via l&rsquo;app mobile<\/h2>\n\n\n\n<p>Sur le m\u00eame principe que l&rsquo;e-mail, t\u00e9l\u00e9chargez gratuitement l&rsquo;application ABCinvoice.eu et commencez \u00e0 scanner vos factures. Id\u00e9al pour les petites factures de restaurant ou autres, mais aussi parfait pour les professionnels qui facturent \u00ab\u00a0\u00e0 l&rsquo;ancienne\u00a0\u00bb avec une simple quittance manuscrite. Il vous suffit alors d&rsquo;\u00e9crire lisiblement pour cr\u00e9er une facture \u00e9lectronique&nbsp;!<\/p>\n\n\n\n<h2 class=\"wp-block-heading\">4 &#8211; Import Excel<\/h2>\n\n\n\n<p>Vous travaillez dans un secteur comme l&rsquo;industrie ou la grande distribution, o\u00f9 les factures se pr\u00e9sentent parfois sous la forme des centaines de lignes ? Notre flux Excel est fait pour vous.<\/p>\n\n\n\n<p>Collez vos lignes de factures dans notre template Excel, et uploadez via le portail. Nous g\u00e9n\u00e9rons la ou les factures pour vous. Tout automatique.<\/p>\n\n\n\n<h2 class=\"wp-block-heading\">5 &#8211; l&rsquo;API et ses int\u00e9grations<\/h2>\n\n\n\n<p>ABCinvoice.eu dispose bien s\u00fbr d&rsquo;une API REST, ce qui signifie que vous pouvez l&rsquo;int\u00e9grer avec toutes vos applications.<\/p>\n\n\n\n<p>Cette API est d\u00e9j\u00e0 exploit\u00e9e par un plugin gratuit pour Stripe, qui vous permet d&rsquo;automatiser la facturation \u00e9lectronique depuis votre compte Stripe ! Id\u00e9al pour l&rsquo;e-commerce avec WordPress, Woocommerce, Shopify ou autres.<\/p>\n\n\n\n<p><\/p>\n","protected":false},"excerpt":{"rendered":"<p>ABCinvoice.eu propose plusieurs flux pour vous permettre d&rsquo;interagir de la mani\u00e8re la plus efficace pour vous. Bien s\u00fbr vous pouvez cumuler. Tout est inclus dans votre abonnement. 1 &#8211; L&rsquo;application web ou \u00ab\u00a0portail\u00a0\u00bb Rendez-vous sur app.abcinvoice.eu et g\u00e9rez vos clients, contacts, factures entrantes et sortantes. 2 &#8211; Un simple e-mail Vous aviez l&rsquo;habitude d&rsquo;envoyer vos [&hellip;]<\/p>\n","protected":false},"author":3,"featured_media":0,"parent":0,"menu_order":0,"comment_status":"closed","ping_status":"closed","template":"","meta":{"footnotes":""},"class_list":["post-3584","page","type-page","status-publish","hentry"],"yoast_head":"<!-- This site is optimized with the Yoast SEO plugin v27.5 - https:\/\/yoast.com\/product\/yoast-seo-wordpress\/ -->\n<title>Les flux d&#039;ABCinvoice.eu - ABCinvoice.eu<\/title>\n<meta name=\"robots\" content=\"index, follow, max-snippet:-1, max-image-preview:large, max-video-preview:-1\" \/>\n<link rel=\"canonical\" href=\"https:\/\/www.abcinvoice.eu\/fr\/flux\/\" \/>\n<meta property=\"og:locale\" content=\"fr_FR\" \/>\n<meta property=\"og:type\" content=\"article\" \/>\n<meta property=\"og:title\" content=\"Les flux d&#039;ABCinvoice.eu - ABCinvoice.eu\" \/>\n<meta property=\"og:description\" content=\"ABCinvoice.eu propose plusieurs flux pour vous permettre d&rsquo;interagir de la mani\u00e8re la plus efficace pour vous. Bien s\u00fbr vous pouvez cumuler. Tout est inclus dans votre abonnement. 1 &#8211; L&rsquo;application web ou \u00ab\u00a0portail\u00a0\u00bb Rendez-vous sur app.abcinvoice.eu et g\u00e9rez vos clients, contacts, factures entrantes et sortantes. 2 &#8211; Un simple e-mail Vous aviez l&rsquo;habitude d&rsquo;envoyer vos [&hellip;]\" \/>\n<meta property=\"og:url\" content=\"https:\/\/www.abcinvoice.eu\/fr\/flux\/\" \/>\n<meta property=\"og:site_name\" content=\"ABCinvoice.eu\" \/>\n<meta property=\"article:modified_time\" content=\"2025-11-08T10:57:06+00:00\" \/>\n<meta name=\"twitter:card\" content=\"summary_large_image\" \/>\n<meta name=\"twitter:label1\" content=\"Dur\u00e9e de lecture estim\u00e9e\" \/>\n\t<meta name=\"twitter:data1\" content=\"2 minutes\" \/>\n<script type=\"application\/ld+json\" class=\"yoast-schema-graph\">{\"@context\":\"https:\\\/\\\/schema.org\",\"@graph\":[{\"@type\":\"WebPage\",\"@id\":\"https:\\\/\\\/www.abcinvoice.eu\\\/fr\\\/flux\\\/\",\"url\":\"https:\\\/\\\/www.abcinvoice.eu\\\/fr\\\/flux\\\/\",\"name\":\"Les flux d'ABCinvoice.eu - ABCinvoice.eu\",\"isPartOf\":{\"@id\":\"https:\\\/\\\/www.abcinvoice.eu\\\/fr\\\/#website\"},\"datePublished\":\"2025-11-08T10:40:49+00:00\",\"dateModified\":\"2025-11-08T10:57:06+00:00\",\"breadcrumb\":{\"@id\":\"https:\\\/\\\/www.abcinvoice.eu\\\/fr\\\/flux\\\/#breadcrumb\"},\"inLanguage\":\"fr-FR\",\"potentialAction\":[{\"@type\":\"ReadAction\",\"target\":[\"https:\\\/\\\/www.abcinvoice.eu\\\/fr\\\/flux\\\/\"]}]},{\"@type\":\"BreadcrumbList\",\"@id\":\"https:\\\/\\\/www.abcinvoice.eu\\\/fr\\\/flux\\\/#breadcrumb\",\"itemListElement\":[{\"@type\":\"ListItem\",\"position\":1,\"name\":\"Accueil\",\"item\":\"https:\\\/\\\/www.abcinvoice.eu\\\/fr\\\/\"},{\"@type\":\"ListItem\",\"position\":2,\"name\":\"Les flux d&rsquo;ABCinvoice.eu\"}]},{\"@type\":\"WebSite\",\"@id\":\"https:\\\/\\\/www.abcinvoice.eu\\\/fr\\\/#website\",\"url\":\"https:\\\/\\\/www.abcinvoice.eu\\\/fr\\\/\",\"name\":\"ABCinvoice.eu\",\"description\":\"La facturation \u00e9lectronique facile\",\"publisher\":{\"@id\":\"https:\\\/\\\/www.abcinvoice.eu\\\/fr\\\/#organization\"},\"potentialAction\":[{\"@type\":\"SearchAction\",\"target\":{\"@type\":\"EntryPoint\",\"urlTemplate\":\"https:\\\/\\\/www.abcinvoice.eu\\\/fr\\\/?s={search_term_string}\"},\"query-input\":{\"@type\":\"PropertyValueSpecification\",\"valueRequired\":true,\"valueName\":\"search_term_string\"}}],\"inLanguage\":\"fr-FR\"},{\"@type\":\"Organization\",\"@id\":\"https:\\\/\\\/www.abcinvoice.eu\\\/fr\\\/#organization\",\"name\":\"ABCinvoice.eu\",\"url\":\"https:\\\/\\\/www.abcinvoice.eu\\\/fr\\\/\",\"logo\":{\"@type\":\"ImageObject\",\"inLanguage\":\"fr-FR\",\"@id\":\"https:\\\/\\\/www.abcinvoice.eu\\\/fr\\\/#\\\/schema\\\/logo\\\/image\\\/\",\"url\":\"https:\\\/\\\/www.abcinvoice.eu\\\/wp-content\\\/uploads\\\/2025\\\/06\\\/Fichier-101@2x.png\",\"contentUrl\":\"https:\\\/\\\/www.abcinvoice.eu\\\/wp-content\\\/uploads\\\/2025\\\/06\\\/Fichier-101@2x.png\",\"width\":1234,\"height\":155,\"caption\":\"ABCinvoice.eu\"},\"image\":{\"@id\":\"https:\\\/\\\/www.abcinvoice.eu\\\/fr\\\/#\\\/schema\\\/logo\\\/image\\\/\"}}]}<\/script>\n<!-- \/ Yoast SEO plugin. -->","yoast_head_json":{"title":"Les flux d'ABCinvoice.eu - ABCinvoice.eu","robots":{"index":"index","follow":"follow","max-snippet":"max-snippet:-1","max-image-preview":"max-image-preview:large","max-video-preview":"max-video-preview:-1"},"canonical":"https:\/\/www.abcinvoice.eu\/fr\/flux\/","og_locale":"fr_FR","og_type":"article","og_title":"Les flux d'ABCinvoice.eu - ABCinvoice.eu","og_description":"ABCinvoice.eu propose plusieurs flux pour vous permettre d&rsquo;interagir de la mani\u00e8re la plus efficace pour vous. Bien s\u00fbr vous pouvez cumuler. Tout est inclus dans votre abonnement. 1 &#8211; L&rsquo;application web ou \u00ab\u00a0portail\u00a0\u00bb Rendez-vous sur app.abcinvoice.eu et g\u00e9rez vos clients, contacts, factures entrantes et sortantes. 2 &#8211; Un simple e-mail Vous aviez l&rsquo;habitude d&rsquo;envoyer vos [&hellip;]","og_url":"https:\/\/www.abcinvoice.eu\/fr\/flux\/","og_site_name":"ABCinvoice.eu","article_modified_time":"2025-11-08T10:57:06+00:00","twitter_card":"summary_large_image","twitter_misc":{"Dur\u00e9e de lecture estim\u00e9e":"2 minutes"},"schema":{"@context":"https:\/\/schema.org","@graph":[{"@type":"WebPage","@id":"https:\/\/www.abcinvoice.eu\/fr\/flux\/","url":"https:\/\/www.abcinvoice.eu\/fr\/flux\/","name":"Les flux d'ABCinvoice.eu - ABCinvoice.eu","isPartOf":{"@id":"https:\/\/www.abcinvoice.eu\/fr\/#website"},"datePublished":"2025-11-08T10:40:49+00:00","dateModified":"2025-11-08T10:57:06+00:00","breadcrumb":{"@id":"https:\/\/www.abcinvoice.eu\/fr\/flux\/#breadcrumb"},"inLanguage":"fr-FR","potentialAction":[{"@type":"ReadAction","target":["https:\/\/www.abcinvoice.eu\/fr\/flux\/"]}]},{"@type":"BreadcrumbList","@id":"https:\/\/www.abcinvoice.eu\/fr\/flux\/#breadcrumb","itemListElement":[{"@type":"ListItem","position":1,"name":"Accueil","item":"https:\/\/www.abcinvoice.eu\/fr\/"},{"@type":"ListItem","position":2,"name":"Les flux d&rsquo;ABCinvoice.eu"}]},{"@type":"WebSite","@id":"https:\/\/www.abcinvoice.eu\/fr\/#website","url":"https:\/\/www.abcinvoice.eu\/fr\/","name":"ABCinvoice.eu","description":"La facturation \u00e9lectronique facile","publisher":{"@id":"https:\/\/www.abcinvoice.eu\/fr\/#organization"},"potentialAction":[{"@type":"SearchAction","target":{"@type":"EntryPoint","urlTemplate":"https:\/\/www.abcinvoice.eu\/fr\/?s={search_term_string}"},"query-input":{"@type":"PropertyValueSpecification","valueRequired":true,"valueName":"search_term_string"}}],"inLanguage":"fr-FR"},{"@type":"Organization","@id":"https:\/\/www.abcinvoice.eu\/fr\/#organization","name":"ABCinvoice.eu","url":"https:\/\/www.abcinvoice.eu\/fr\/","logo":{"@type":"ImageObject","inLanguage":"fr-FR","@id":"https:\/\/www.abcinvoice.eu\/fr\/#\/schema\/logo\/image\/","url":"https:\/\/www.abcinvoice.eu\/wp-content\/uploads\/2025\/06\/Fichier-101@2x.png","contentUrl":"https:\/\/www.abcinvoice.eu\/wp-content\/uploads\/2025\/06\/Fichier-101@2x.png","width":1234,"height":155,"caption":"ABCinvoice.eu"},"image":{"@id":"https:\/\/www.abcinvoice.eu\/fr\/#\/schema\/logo\/image\/"}}]}},"jetpack_sharing_enabled":true,"_links":{"self":[{"href":"https:\/\/www.abcinvoice.eu\/fr\/wp-json\/wp\/v2\/pages\/3584","targetHints":{"allow":["GET"]}}],"collection":[{"href":"https:\/\/www.abcinvoice.eu\/fr\/wp-json\/wp\/v2\/pages"}],"about":[{"href":"https:\/\/www.abcinvoice.eu\/fr\/wp-json\/wp\/v2\/types\/page"}],"author":[{"embeddable":true,"href":"https:\/\/www.abcinvoice.eu\/fr\/wp-json\/wp\/v2\/users\/3"}],"replies":[{"embeddable":true,"href":"https:\/\/www.abcinvoice.eu\/fr\/wp-json\/wp\/v2\/comments?post=3584"}],"version-history":[{"count":4,"href":"https:\/\/www.abcinvoice.eu\/fr\/wp-json\/wp\/v2\/pages\/3584\/revisions"}],"predecessor-version":[{"id":3985,"href":"https:\/\/www.abcinvoice.eu\/fr\/wp-json\/wp\/v2\/pages\/3584\/revisions\/3985"}],"wp:attachment":[{"href":"https:\/\/www.abcinvoice.eu\/fr\/wp-json\/wp\/v2\/media?parent=3584"}],"curies":[{"name":"wp","href":"https:\/\/api.w.org\/{rel}","templated":true}]}}