{"id":1113,"date":"2025-07-11T14:40:27","date_gmt":"2025-07-11T12:40:27","guid":{"rendered":"http:\/\/www.abcinvoice.eu\/?page_id=1113"},"modified":"2025-11-21T14:19:05","modified_gmt":"2025-11-21T13:19:05","slug":"a-propos","status":"publish","type":"page","link":"https:\/\/www.abcinvoice.eu\/fr\/a-propos\/","title":{"rendered":"\u00c0 propos"},"content":{"rendered":"\t\t<div data-elementor-type=\"wp-page\" data-elementor-id=\"1113\" class=\"elementor elementor-1113\" data-elementor-post-type=\"page\">\n\t\t\t\t<div class=\"elementor-element elementor-element-2364259 e-con-full e-flex e-con e-parent\" data-id=\"2364259\" data-element_type=\"container\" data-settings=\"{&quot;background_background&quot;:&quot;classic&quot;}\">\n\t\t<div class=\"elementor-element elementor-element-ff91391 e-flex e-con-boxed e-con e-child\" data-id=\"ff91391\" data-element_type=\"container\">\n\t\t\t\t\t<div class=\"e-con-inner\">\n\t\t<div class=\"elementor-element elementor-element-d009801 e-con-full e-flex e-con e-child\" data-id=\"d009801\" data-element_type=\"container\">\n\t\t\t\t<div class=\"elementor-element elementor-element-f2d373b elementor-widget elementor-widget-heading\" data-id=\"f2d373b\" data-element_type=\"widget\" data-widget_type=\"heading.default\">\n\t\t\t\t<div class=\"elementor-widget-container\">\n\t\t\t\t\t<h1 class=\"elementor-heading-title elementor-size-default\">Qui sommes-nous ?<\/h1>\t\t\t\t<\/div>\n\t\t\t\t<\/div>\n\t\t\t\t<div class=\"elementor-element elementor-element-f9bddfb elementor-widget__width-initial elementor-widget elementor-widget-text-editor\" data-id=\"f9bddfb\" data-element_type=\"widget\" data-widget_type=\"text-editor.default\">\n\t\t\t\t<div class=\"elementor-widget-container\">\n\t\t\t\t\t\t\t\t\t<p>ABCinvoice.eu est une marque de 1-more-thing group srl.<\/p>\t\t\t\t\t\t\t\t<\/div>\n\t\t\t\t<\/div>\n\t\t\t\t<div class=\"elementor-element elementor-element-3df6471 elementor-widget__width-initial elementor-widget elementor-widget-text-editor\" data-id=\"3df6471\" data-element_type=\"widget\" data-widget_type=\"text-editor.default\">\n\t\t\t\t<div class=\"elementor-widget-container\">\n\t\t\t\t\t\t\t\t\t<p>1-more-thing est une soci\u00e9t\u00e9 Partenaire Platinum de Claris, filiale d\u2019Apple, et sp\u00e9cialiste de la transition num\u00e9rique des entreprises. (\u00ab digitalisation \u00bb en franglais ;))<\/p>\t\t\t\t\t\t\t\t<\/div>\n\t\t\t\t<\/div>\n\t\t<div class=\"elementor-element elementor-element-9c2f132 e-con-full e-flex e-con e-child\" data-id=\"9c2f132\" data-element_type=\"container\">\n\t\t\t\t<div class=\"elementor-element elementor-element-7cab006 elementor-widget elementor-widget-image\" data-id=\"7cab006\" data-element_type=\"widget\" data-widget_type=\"image.default\">\n\t\t\t\t<div class=\"elementor-widget-container\">\n\t\t\t\t\t\t\t\t\t\t\t\t\t\t\t<img fetchpriority=\"high\" decoding=\"async\" width=\"768\" height=\"401\" src=\"https:\/\/www.abcinvoice.eu\/wp-content\/uploads\/2025\/07\/3.png\" class=\"attachment-large size-large wp-image-1015\" alt=\"\" srcset=\"https:\/\/www.abcinvoice.eu\/wp-content\/uploads\/2025\/07\/3.png 768w, https:\/\/www.abcinvoice.eu\/wp-content\/uploads\/2025\/07\/3-300x157.png 300w\" sizes=\"(max-width: 768px) 100vw, 768px\" \/>\t\t\t\t\t\t\t\t\t\t\t\t\t\t\t<\/div>\n\t\t\t\t<\/div>\n\t\t\t\t<div class=\"elementor-element elementor-element-008aec4 elementor-widget elementor-widget-image\" data-id=\"008aec4\" data-element_type=\"widget\" data-widget_type=\"image.default\">\n\t\t\t\t<div class=\"elementor-widget-container\">\n\t\t\t\t\t\t\t\t\t\t\t\t\t\t\t<img decoding=\"async\" width=\"768\" height=\"401\" src=\"https:\/\/www.abcinvoice.eu\/wp-content\/uploads\/2025\/07\/2.png\" class=\"attachment-large size-large wp-image-1018\" alt=\"\" srcset=\"https:\/\/www.abcinvoice.eu\/wp-content\/uploads\/2025\/07\/2.png 768w, https:\/\/www.abcinvoice.eu\/wp-content\/uploads\/2025\/07\/2-300x157.png 300w\" sizes=\"(max-width: 768px) 100vw, 768px\" \/>\t\t\t\t\t\t\t\t\t\t\t\t\t\t\t<\/div>\n\t\t\t\t<\/div>\n\t\t\t\t<div class=\"elementor-element elementor-element-845c3e9 elementor-widget elementor-widget-image\" data-id=\"845c3e9\" data-element_type=\"widget\" data-widget_type=\"image.default\">\n\t\t\t\t<div class=\"elementor-widget-container\">\n\t\t\t\t\t\t\t\t\t\t\t\t\t\t\t<img decoding=\"async\" width=\"768\" height=\"401\" src=\"https:\/\/www.abcinvoice.eu\/wp-content\/uploads\/2025\/07\/1.png\" class=\"attachment-large size-large wp-image-1021\" alt=\"\" srcset=\"https:\/\/www.abcinvoice.eu\/wp-content\/uploads\/2025\/07\/1.png 768w, https:\/\/www.abcinvoice.eu\/wp-content\/uploads\/2025\/07\/1-300x157.png 300w\" sizes=\"(max-width: 768px) 100vw, 768px\" \/>\t\t\t\t\t\t\t\t\t\t\t\t\t\t\t<\/div>\n\t\t\t\t<\/div>\n\t\t\t\t<\/div>\n\t\t\t\t<\/div>\n\t\t\t\t\t<\/div>\n\t\t\t\t<\/div>\n\t\t\t\t<\/div>\n\t\t<div class=\"elementor-element elementor-element-67906cb e-flex e-con-boxed e-con e-parent\" data-id=\"67906cb\" data-element_type=\"container\" data-settings=\"{&quot;background_background&quot;:&quot;classic&quot;}\">\n\t\t\t\t\t<div class=\"e-con-inner\">\n\t\t<div class=\"elementor-element elementor-element-ff08417 e-con-full e-flex e-con e-child\" data-id=\"ff08417\" data-element_type=\"container\" data-settings=\"{&quot;background_background&quot;:&quot;classic&quot;}\">\n\t\t\t\t<div class=\"elementor-element elementor-element-4cfa370 elementor-widget elementor-widget-image\" data-id=\"4cfa370\" data-element_type=\"widget\" data-widget_type=\"image.default\">\n\t\t\t\t<div class=\"elementor-widget-container\">\n\t\t\t\t\t\t\t\t\t\t\t\t\t\t\t<img loading=\"lazy\" decoding=\"async\" width=\"521\" height=\"162\" src=\"https:\/\/www.abcinvoice.eu\/wp-content\/uploads\/2025\/07\/1-more-thing_logo.png\" class=\"attachment-large size-large wp-image-1012\" alt=\"\" srcset=\"https:\/\/www.abcinvoice.eu\/wp-content\/uploads\/2025\/07\/1-more-thing_logo.png 521w, https:\/\/www.abcinvoice.eu\/wp-content\/uploads\/2025\/07\/1-more-thing_logo-300x93.png 300w\" sizes=\"(max-width: 521px) 100vw, 521px\" \/>\t\t\t\t\t\t\t\t\t\t\t\t\t\t\t<\/div>\n\t\t\t\t<\/div>\n\t\t\t\t<\/div>\n\t\t<div class=\"elementor-element elementor-element-279ec28 e-con-full e-flex e-con e-child\" data-id=\"279ec28\" data-element_type=\"container\" data-settings=\"{&quot;background_background&quot;:&quot;classic&quot;}\">\n\t\t<div class=\"elementor-element elementor-element-fc3282a e-con-full e-flex e-con e-child\" data-id=\"fc3282a\" data-element_type=\"container\">\n\t\t\t\t<div class=\"elementor-element elementor-element-cfdbf7f elementor-widget elementor-widget-heading\" data-id=\"cfdbf7f\" data-element_type=\"widget\" data-widget_type=\"heading.default\">\n\t\t\t\t<div class=\"elementor-widget-container\">\n\t\t\t\t\t<h2 class=\"elementor-heading-title elementor-size-default\">\u00c0 propos&nbsp;de nous<\/h2>\t\t\t\t<\/div>\n\t\t\t\t<\/div>\n\t\t\t\t<div class=\"elementor-element elementor-element-3fc1427 elementor-widget elementor-widget-text-editor\" data-id=\"3fc1427\" data-element_type=\"widget\" data-widget_type=\"text-editor.default\">\n\t\t\t\t<div class=\"elementor-widget-container\">\n\t\t\t\t\t\t\t\t\t<i>Soci\u00e9t\u00e9 fond\u00e9e en 2010, dont le si\u00e8ge est \u00e0 Bruxelles. Nos bureaux sont situ\u00e9s \u00e0 Bruxelles et \u00e0 Paris, avec \u00e9galement une pr\u00e9sence \u00e0 Strasbourg et Nantes.<\/i>\t\t\t\t\t\t\t\t<\/div>\n\t\t\t\t<\/div>\n\t\t\t\t<\/div>\n\t\t\t\t<\/div>\n\t\t\t\t\t<\/div>\n\t\t\t\t<\/div>\n\t\t<div class=\"elementor-element elementor-element-471309f e-flex e-con-boxed e-con e-parent\" data-id=\"471309f\" data-element_type=\"container\" data-settings=\"{&quot;background_background&quot;:&quot;classic&quot;}\">\n\t\t\t\t\t<div class=\"e-con-inner\">\n\t\t<div class=\"elementor-element elementor-element-c657328 e-con-full e-flex e-con e-child\" data-id=\"c657328\" data-element_type=\"container\" data-settings=\"{&quot;background_background&quot;:&quot;classic&quot;}\">\n\t\t<div class=\"elementor-element elementor-element-1fbd3d4 e-con-full e-flex e-con e-child\" data-id=\"1fbd3d4\" data-element_type=\"container\">\n\t\t\t\t<div class=\"elementor-element elementor-element-16b5dca elementor-widget elementor-widget-heading\" data-id=\"16b5dca\" data-element_type=\"widget\" data-widget_type=\"heading.default\">\n\t\t\t\t<div class=\"elementor-widget-container\">\n\t\t\t\t\t<h2 class=\"elementor-heading-title elementor-size-default\">Une culture de la simplicit\u00e9<\/h2>\t\t\t\t<\/div>\n\t\t\t\t<\/div>\n\t\t\t\t<div class=\"elementor-element elementor-element-6710185 elementor-widget elementor-widget-text-editor\" data-id=\"6710185\" data-element_type=\"widget\" data-widget_type=\"text-editor.default\">\n\t\t\t\t<div class=\"elementor-widget-container\">\n\t\t\t\t\t\t\t\t\t<i>Notre culture \u00ab Apple \u00bb, nous conf\u00e8re la capacit\u00e9 de rendre simple ce qui est en r\u00e9alit\u00e9 complexe. Cela s\u2019applique parfaitement \u00e0 la facturation \u00e9lectronique.<\/i>\t\t\t\t\t\t\t\t<\/div>\n\t\t\t\t<\/div>\n\t\t\t\t<\/div>\n\t\t\t\t<\/div>\n\t\t<div class=\"elementor-element elementor-element-f8cde6b e-con-full e-flex e-con e-child\" data-id=\"f8cde6b\" data-element_type=\"container\" data-settings=\"{&quot;background_background&quot;:&quot;classic&quot;}\">\n\t\t\t\t<div class=\"elementor-element elementor-element-783f938 elementor-widget elementor-widget-image\" data-id=\"783f938\" data-element_type=\"widget\" data-widget_type=\"image.default\">\n\t\t\t\t<div class=\"elementor-widget-container\">\n\t\t\t\t\t\t\t\t\t\t\t\t\t\t\t<img loading=\"lazy\" decoding=\"async\" width=\"720\" height=\"480\" src=\"https:\/\/www.abcinvoice.eu\/wp-content\/uploads\/2025\/06\/tech-startup-team-meet-up.jpg\" class=\"attachment-large size-large wp-image-895\" alt=\"\" srcset=\"https:\/\/www.abcinvoice.eu\/wp-content\/uploads\/2025\/06\/tech-startup-team-meet-up.jpg 720w, https:\/\/www.abcinvoice.eu\/wp-content\/uploads\/2025\/06\/tech-startup-team-meet-up-300x200.jpg 300w\" sizes=\"(max-width: 720px) 100vw, 720px\" \/>\t\t\t\t\t\t\t\t\t\t\t\t\t\t\t<\/div>\n\t\t\t\t<\/div>\n\t\t\t\t<\/div>\n\t\t\t\t\t<\/div>\n\t\t\t\t<\/div>\n\t\t<div class=\"elementor-element elementor-element-5063524 e-flex e-con-boxed e-con e-parent\" data-id=\"5063524\" data-element_type=\"container\" data-settings=\"{&quot;background_background&quot;:&quot;classic&quot;}\">\n\t\t\t\t\t<div class=\"e-con-inner\">\n\t\t<div class=\"elementor-element elementor-element-f51f118 e-con-full e-flex e-con e-child\" data-id=\"f51f118\" data-element_type=\"container\" data-settings=\"{&quot;background_background&quot;:&quot;classic&quot;}\">\n\t\t\t\t<div class=\"elementor-element elementor-element-e5a8b88 elementor-widget elementor-widget-image\" data-id=\"e5a8b88\" data-element_type=\"widget\" data-widget_type=\"image.default\">\n\t\t\t\t<div class=\"elementor-widget-container\">\n\t\t\t\t\t\t\t\t\t\t\t\t\t\t\t<img loading=\"lazy\" decoding=\"async\" width=\"640\" height=\"956\" src=\"https:\/\/www.abcinvoice.eu\/wp-content\/uploads\/2025\/07\/osvaldo-escobar-s2n7orz5pQk-unsplash.jpg\" class=\"attachment-large size-large wp-image-1839\" alt=\"\" srcset=\"https:\/\/www.abcinvoice.eu\/wp-content\/uploads\/2025\/07\/osvaldo-escobar-s2n7orz5pQk-unsplash.jpg 640w, https:\/\/www.abcinvoice.eu\/wp-content\/uploads\/2025\/07\/osvaldo-escobar-s2n7orz5pQk-unsplash-201x300.jpg 201w\" sizes=\"(max-width: 640px) 100vw, 640px\" \/>\t\t\t\t\t\t\t\t\t\t\t\t\t\t\t<\/div>\n\t\t\t\t<\/div>\n\t\t\t\t<\/div>\n\t\t<div class=\"elementor-element elementor-element-ad5def7 e-con-full e-flex e-con e-child\" data-id=\"ad5def7\" data-element_type=\"container\" data-settings=\"{&quot;background_background&quot;:&quot;classic&quot;}\">\n\t\t<div class=\"elementor-element elementor-element-f3e3c37 e-con-full e-flex e-con e-child\" data-id=\"f3e3c37\" data-element_type=\"container\">\n\t\t\t\t<div class=\"elementor-element elementor-element-d492d6b elementor-widget elementor-widget-heading\" data-id=\"d492d6b\" data-element_type=\"widget\" data-widget_type=\"heading.default\">\n\t\t\t\t<div class=\"elementor-widget-container\">\n\t\t\t\t\t<h2 class=\"elementor-heading-title elementor-size-default\">Une solution sans&nbsp;friction<\/h2>\t\t\t\t<\/div>\n\t\t\t\t<\/div>\n\t\t\t\t<div class=\"elementor-element elementor-element-76be39b elementor-widget elementor-widget-text-editor\" data-id=\"76be39b\" data-element_type=\"widget\" data-widget_type=\"text-editor.default\">\n\t\t\t\t<div class=\"elementor-widget-container\">\n\t\t\t\t\t\t\t\t\t<i>En tant qu\u2019entreprise europ\u00e9enne avec des clients dans le monde entier, nous avons une vision globale de ce qu\u2019implique la facturation \u00e9lectronique. L\u00e0 o\u00f9 d\u2019autres ne vous parlent que des flux les plus \u00e9vidents, nous avons conscience que vous continuerez de recevoir des factures non-\u00e9lectroniques et devrez probablement continuer d\u2019en envoyer. ABCinvoice.eu vous \u00e9vite de vous poser mille questions pour chaque facture. Vous facturez et recevez des factures, c\u2019est tout. On s\u2019occupe du reste.<\/i>\t\t\t\t\t\t\t\t<\/div>\n\t\t\t\t<\/div>\n\t\t\t\t<\/div>\n\t\t\t\t<\/div>\n\t\t\t\t\t<\/div>\n\t\t\t\t<\/div>\n\t\t<div class=\"elementor-element elementor-element-610e939 e-flex e-con-boxed e-con e-parent\" data-id=\"610e939\" data-element_type=\"container\" data-settings=\"{&quot;background_background&quot;:&quot;classic&quot;}\">\n\t\t\t\t\t<div class=\"e-con-inner\">\n\t\t<div class=\"elementor-element elementor-element-e333ca1 e-con-full e-flex e-con e-child\" data-id=\"e333ca1\" data-element_type=\"container\" data-settings=\"{&quot;background_background&quot;:&quot;classic&quot;}\">\n\t\t\t\t<div class=\"elementor-element elementor-element-8ea5210 elementor-widget elementor-widget-text-editor\" data-id=\"8ea5210\" data-element_type=\"widget\" data-widget_type=\"text-editor.default\">\n\t\t\t\t<div class=\"elementor-widget-container\">\n\t\t\t\t\t\t\t\t\t<p>TVA intracom. : BE0631 700 523<\/p>\t\t\t\t\t\t\t\t<\/div>\n\t\t\t\t<\/div>\n\t\t\t\t<\/div>\n\t\t<div class=\"elementor-element elementor-element-bf5106b e-con-full e-flex e-con e-child\" data-id=\"bf5106b\" data-element_type=\"container\" data-settings=\"{&quot;background_background&quot;:&quot;classic&quot;}\">\n\t\t\t\t<div class=\"elementor-element elementor-element-2ac647f elementor-widget elementor-widget-text-editor\" data-id=\"2ac647f\" data-element_type=\"widget\" data-widget_type=\"text-editor.default\">\n\t\t\t\t<div class=\"elementor-widget-container\">\n\t\t\t\t\t\t\t\t\t<p>N\u00b0 SIRET : 81373013200012<\/p>\t\t\t\t\t\t\t\t<\/div>\n\t\t\t\t<\/div>\n\t\t\t\t<\/div>\n\t\t<div class=\"elementor-element elementor-element-1451be6 e-con-full e-flex e-con e-child\" data-id=\"1451be6\" data-element_type=\"container\" data-settings=\"{&quot;background_background&quot;:&quot;classic&quot;}\">\n\t\t\t\t<div class=\"elementor-element elementor-element-ad45d76 elementor-widget elementor-widget-text-editor\" data-id=\"ad45d76\" data-element_type=\"widget\" data-widget_type=\"text-editor.default\">\n\t\t\t\t<div class=\"elementor-widget-container\">\n\t\t\t\t\t\t\t\t\t<p>Code APE : 6201Z<\/p>\t\t\t\t\t\t\t\t<\/div>\n\t\t\t\t<\/div>\n\t\t\t\t<\/div>\n\t\t<div class=\"elementor-element elementor-element-d8d9389 e-con-full e-flex e-con e-child\" data-id=\"d8d9389\" data-element_type=\"container\" data-settings=\"{&quot;background_background&quot;:&quot;classic&quot;}\">\n\t\t\t\t<div class=\"elementor-element elementor-element-f40eda2 elementor-widget elementor-widget-text-editor\" data-id=\"f40eda2\" data-element_type=\"widget\" data-widget_type=\"text-editor.default\">\n\t\t\t\t<div class=\"elementor-widget-container\">\n\t\t\t\t\t\t\t\t\t<p>D-U-N-S:\u00a0 370964472<\/p>\t\t\t\t\t\t\t\t<\/div>\n\t\t\t\t<\/div>\n\t\t\t\t<\/div>\n\t\t\t\t\t<\/div>\n\t\t\t\t<\/div>\n\t\t<div class=\"elementor-element elementor-element-4ce7053 e-flex e-con-boxed e-con e-parent\" data-id=\"4ce7053\" data-element_type=\"container\" data-settings=\"{&quot;background_background&quot;:&quot;classic&quot;}\">\n\t\t\t\t\t<div class=\"e-con-inner\">\n\t\t<div class=\"elementor-element elementor-element-e425df2 e-con-full e-flex e-con e-child\" data-id=\"e425df2\" data-element_type=\"container\" data-settings=\"{&quot;background_background&quot;:&quot;classic&quot;}\">\n\t\t\t\t<div class=\"elementor-element elementor-element-00c0655 elementor-widget elementor-widget-text-editor\" data-id=\"00c0655\" data-element_type=\"widget\" data-widget_type=\"text-editor.default\">\n\t\t\t\t<div class=\"elementor-widget-container\">\n\t\t\t\t\t\t\t\t\tLa politique de confidentialit\u00e9 de ce site se trouve <a style=\"color:#05AC72\" href=\"\/fr\/politique-de-confidentialite\/\">ici<\/a>.\t\t\t\t\t\t\t\t<\/div>\n\t\t\t\t<\/div>\n\t\t\t\t<\/div>\n\t\t\t\t\t<\/div>\n\t\t\t\t<\/div>\n\t\t\t\t<\/div>\n\t\t","protected":false},"excerpt":{"rendered":"<p>Qui sommes-nous ? ABCinvoice.eu est une marque de 1-more-thing group srl. 1-more-thing est une soci\u00e9t\u00e9 Partenaire Platinum de Claris, filiale d\u2019Apple, et sp\u00e9cialiste de la transition num\u00e9rique des entreprises. (\u00ab digitalisation \u00bb en franglais ;)) \u00c0 propos&nbsp;de nous Soci\u00e9t\u00e9 fond\u00e9e en 2010, dont le si\u00e8ge est \u00e0 Bruxelles. Nos bureaux sont situ\u00e9s \u00e0 Bruxelles et [&hellip;]<\/p>\n","protected":false},"author":3,"featured_media":0,"parent":0,"menu_order":0,"comment_status":"closed","ping_status":"closed","template":"elementor_header_footer","meta":{"footnotes":""},"class_list":["post-1113","page","type-page","status-publish","hentry"],"yoast_head":"<!-- This site is optimized with the Yoast SEO plugin v27.5 - https:\/\/yoast.com\/product\/yoast-seo-wordpress\/ -->\n<title>\u00c0 propos - ABCinvoice.eu<\/title>\n<meta name=\"robots\" content=\"index, follow, max-snippet:-1, max-image-preview:large, max-video-preview:-1\" \/>\n<link rel=\"canonical\" href=\"https:\/\/www.abcinvoice.eu\/fr\/a-propos\/\" \/>\n<meta property=\"og:locale\" content=\"fr_FR\" \/>\n<meta property=\"og:type\" content=\"article\" \/>\n<meta property=\"og:title\" content=\"\u00c0 propos - ABCinvoice.eu\" \/>\n<meta property=\"og:description\" content=\"Qui sommes-nous ? ABCinvoice.eu est une marque de 1-more-thing group srl. 1-more-thing est une soci\u00e9t\u00e9 Partenaire Platinum de Claris, filiale d\u2019Apple, et sp\u00e9cialiste de la transition num\u00e9rique des entreprises. (\u00ab digitalisation \u00bb en franglais ;)) \u00c0 propos&nbsp;de nous Soci\u00e9t\u00e9 fond\u00e9e en 2010, dont le si\u00e8ge est \u00e0 Bruxelles. Nos bureaux sont situ\u00e9s \u00e0 Bruxelles et [&hellip;]\" \/>\n<meta property=\"og:url\" content=\"https:\/\/www.abcinvoice.eu\/fr\/a-propos\/\" \/>\n<meta property=\"og:site_name\" content=\"ABCinvoice.eu\" \/>\n<meta property=\"article:modified_time\" content=\"2025-11-21T13:19:05+00:00\" \/>\n<meta property=\"og:image\" content=\"http:\/\/www.abcinvoice.eu\/wp-content\/uploads\/2025\/07\/3.png\" \/>\n<meta name=\"twitter:card\" content=\"summary_large_image\" \/>\n<meta name=\"twitter:label1\" content=\"Dur\u00e9e de lecture estim\u00e9e\" \/>\n\t<meta name=\"twitter:data1\" content=\"3 minutes\" \/>\n<script type=\"application\/ld+json\" class=\"yoast-schema-graph\">{\"@context\":\"https:\\\/\\\/schema.org\",\"@graph\":[{\"@type\":\"WebPage\",\"@id\":\"https:\\\/\\\/www.abcinvoice.eu\\\/fr\\\/a-propos\\\/\",\"url\":\"https:\\\/\\\/www.abcinvoice.eu\\\/fr\\\/a-propos\\\/\",\"name\":\"\u00c0 propos - ABCinvoice.eu\",\"isPartOf\":{\"@id\":\"https:\\\/\\\/www.abcinvoice.eu\\\/fr\\\/#website\"},\"primaryImageOfPage\":{\"@id\":\"https:\\\/\\\/www.abcinvoice.eu\\\/fr\\\/a-propos\\\/#primaryimage\"},\"image\":{\"@id\":\"https:\\\/\\\/www.abcinvoice.eu\\\/fr\\\/a-propos\\\/#primaryimage\"},\"thumbnailUrl\":\"http:\\\/\\\/www.abcinvoice.eu\\\/wp-content\\\/uploads\\\/2025\\\/07\\\/3.png\",\"datePublished\":\"2025-07-11T12:40:27+00:00\",\"dateModified\":\"2025-11-21T13:19:05+00:00\",\"breadcrumb\":{\"@id\":\"https:\\\/\\\/www.abcinvoice.eu\\\/fr\\\/a-propos\\\/#breadcrumb\"},\"inLanguage\":\"fr-FR\",\"potentialAction\":[{\"@type\":\"ReadAction\",\"target\":[\"https:\\\/\\\/www.abcinvoice.eu\\\/fr\\\/a-propos\\\/\"]}]},{\"@type\":\"ImageObject\",\"inLanguage\":\"fr-FR\",\"@id\":\"https:\\\/\\\/www.abcinvoice.eu\\\/fr\\\/a-propos\\\/#primaryimage\",\"url\":\"http:\\\/\\\/www.abcinvoice.eu\\\/wp-content\\\/uploads\\\/2025\\\/07\\\/3.png\",\"contentUrl\":\"http:\\\/\\\/www.abcinvoice.eu\\\/wp-content\\\/uploads\\\/2025\\\/07\\\/3.png\"},{\"@type\":\"BreadcrumbList\",\"@id\":\"https:\\\/\\\/www.abcinvoice.eu\\\/fr\\\/a-propos\\\/#breadcrumb\",\"itemListElement\":[{\"@type\":\"ListItem\",\"position\":1,\"name\":\"Accueil\",\"item\":\"https:\\\/\\\/www.abcinvoice.eu\\\/fr\\\/\"},{\"@type\":\"ListItem\",\"position\":2,\"name\":\"\u00c0 propos\"}]},{\"@type\":\"WebSite\",\"@id\":\"https:\\\/\\\/www.abcinvoice.eu\\\/fr\\\/#website\",\"url\":\"https:\\\/\\\/www.abcinvoice.eu\\\/fr\\\/\",\"name\":\"ABCinvoice.eu\",\"description\":\"La facturation \u00e9lectronique facile\",\"publisher\":{\"@id\":\"https:\\\/\\\/www.abcinvoice.eu\\\/fr\\\/#organization\"},\"potentialAction\":[{\"@type\":\"SearchAction\",\"target\":{\"@type\":\"EntryPoint\",\"urlTemplate\":\"https:\\\/\\\/www.abcinvoice.eu\\\/fr\\\/?s={search_term_string}\"},\"query-input\":{\"@type\":\"PropertyValueSpecification\",\"valueRequired\":true,\"valueName\":\"search_term_string\"}}],\"inLanguage\":\"fr-FR\"},{\"@type\":\"Organization\",\"@id\":\"https:\\\/\\\/www.abcinvoice.eu\\\/fr\\\/#organization\",\"name\":\"ABCinvoice.eu\",\"url\":\"https:\\\/\\\/www.abcinvoice.eu\\\/fr\\\/\",\"logo\":{\"@type\":\"ImageObject\",\"inLanguage\":\"fr-FR\",\"@id\":\"https:\\\/\\\/www.abcinvoice.eu\\\/fr\\\/#\\\/schema\\\/logo\\\/image\\\/\",\"url\":\"https:\\\/\\\/www.abcinvoice.eu\\\/wp-content\\\/uploads\\\/2025\\\/06\\\/Fichier-101@2x.png\",\"contentUrl\":\"https:\\\/\\\/www.abcinvoice.eu\\\/wp-content\\\/uploads\\\/2025\\\/06\\\/Fichier-101@2x.png\",\"width\":1234,\"height\":155,\"caption\":\"ABCinvoice.eu\"},\"image\":{\"@id\":\"https:\\\/\\\/www.abcinvoice.eu\\\/fr\\\/#\\\/schema\\\/logo\\\/image\\\/\"}}]}<\/script>\n<!-- \/ Yoast SEO plugin. -->","yoast_head_json":{"title":"\u00c0 propos - ABCinvoice.eu","robots":{"index":"index","follow":"follow","max-snippet":"max-snippet:-1","max-image-preview":"max-image-preview:large","max-video-preview":"max-video-preview:-1"},"canonical":"https:\/\/www.abcinvoice.eu\/fr\/a-propos\/","og_locale":"fr_FR","og_type":"article","og_title":"\u00c0 propos - ABCinvoice.eu","og_description":"Qui sommes-nous ? ABCinvoice.eu est une marque de 1-more-thing group srl. 1-more-thing est une soci\u00e9t\u00e9 Partenaire Platinum de Claris, filiale d\u2019Apple, et sp\u00e9cialiste de la transition num\u00e9rique des entreprises. (\u00ab digitalisation \u00bb en franglais ;)) \u00c0 propos&nbsp;de nous Soci\u00e9t\u00e9 fond\u00e9e en 2010, dont le si\u00e8ge est \u00e0 Bruxelles. Nos bureaux sont situ\u00e9s \u00e0 Bruxelles et [&hellip;]","og_url":"https:\/\/www.abcinvoice.eu\/fr\/a-propos\/","og_site_name":"ABCinvoice.eu","article_modified_time":"2025-11-21T13:19:05+00:00","og_image":[{"url":"http:\/\/www.abcinvoice.eu\/wp-content\/uploads\/2025\/07\/3.png","type":"","width":"","height":""}],"twitter_card":"summary_large_image","twitter_misc":{"Dur\u00e9e de lecture estim\u00e9e":"3 minutes"},"schema":{"@context":"https:\/\/schema.org","@graph":[{"@type":"WebPage","@id":"https:\/\/www.abcinvoice.eu\/fr\/a-propos\/","url":"https:\/\/www.abcinvoice.eu\/fr\/a-propos\/","name":"\u00c0 propos - ABCinvoice.eu","isPartOf":{"@id":"https:\/\/www.abcinvoice.eu\/fr\/#website"},"primaryImageOfPage":{"@id":"https:\/\/www.abcinvoice.eu\/fr\/a-propos\/#primaryimage"},"image":{"@id":"https:\/\/www.abcinvoice.eu\/fr\/a-propos\/#primaryimage"},"thumbnailUrl":"http:\/\/www.abcinvoice.eu\/wp-content\/uploads\/2025\/07\/3.png","datePublished":"2025-07-11T12:40:27+00:00","dateModified":"2025-11-21T13:19:05+00:00","breadcrumb":{"@id":"https:\/\/www.abcinvoice.eu\/fr\/a-propos\/#breadcrumb"},"inLanguage":"fr-FR","potentialAction":[{"@type":"ReadAction","target":["https:\/\/www.abcinvoice.eu\/fr\/a-propos\/"]}]},{"@type":"ImageObject","inLanguage":"fr-FR","@id":"https:\/\/www.abcinvoice.eu\/fr\/a-propos\/#primaryimage","url":"http:\/\/www.abcinvoice.eu\/wp-content\/uploads\/2025\/07\/3.png","contentUrl":"http:\/\/www.abcinvoice.eu\/wp-content\/uploads\/2025\/07\/3.png"},{"@type":"BreadcrumbList","@id":"https:\/\/www.abcinvoice.eu\/fr\/a-propos\/#breadcrumb","itemListElement":[{"@type":"ListItem","position":1,"name":"Accueil","item":"https:\/\/www.abcinvoice.eu\/fr\/"},{"@type":"ListItem","position":2,"name":"\u00c0 propos"}]},{"@type":"WebSite","@id":"https:\/\/www.abcinvoice.eu\/fr\/#website","url":"https:\/\/www.abcinvoice.eu\/fr\/","name":"ABCinvoice.eu","description":"La facturation \u00e9lectronique facile","publisher":{"@id":"https:\/\/www.abcinvoice.eu\/fr\/#organization"},"potentialAction":[{"@type":"SearchAction","target":{"@type":"EntryPoint","urlTemplate":"https:\/\/www.abcinvoice.eu\/fr\/?s={search_term_string}"},"query-input":{"@type":"PropertyValueSpecification","valueRequired":true,"valueName":"search_term_string"}}],"inLanguage":"fr-FR"},{"@type":"Organization","@id":"https:\/\/www.abcinvoice.eu\/fr\/#organization","name":"ABCinvoice.eu","url":"https:\/\/www.abcinvoice.eu\/fr\/","logo":{"@type":"ImageObject","inLanguage":"fr-FR","@id":"https:\/\/www.abcinvoice.eu\/fr\/#\/schema\/logo\/image\/","url":"https:\/\/www.abcinvoice.eu\/wp-content\/uploads\/2025\/06\/Fichier-101@2x.png","contentUrl":"https:\/\/www.abcinvoice.eu\/wp-content\/uploads\/2025\/06\/Fichier-101@2x.png","width":1234,"height":155,"caption":"ABCinvoice.eu"},"image":{"@id":"https:\/\/www.abcinvoice.eu\/fr\/#\/schema\/logo\/image\/"}}]}},"jetpack_sharing_enabled":true,"_links":{"self":[{"href":"https:\/\/www.abcinvoice.eu\/fr\/wp-json\/wp\/v2\/pages\/1113","targetHints":{"allow":["GET"]}}],"collection":[{"href":"https:\/\/www.abcinvoice.eu\/fr\/wp-json\/wp\/v2\/pages"}],"about":[{"href":"https:\/\/www.abcinvoice.eu\/fr\/wp-json\/wp\/v2\/types\/page"}],"author":[{"embeddable":true,"href":"https:\/\/www.abcinvoice.eu\/fr\/wp-json\/wp\/v2\/users\/3"}],"replies":[{"embeddable":true,"href":"https:\/\/www.abcinvoice.eu\/fr\/wp-json\/wp\/v2\/comments?post=1113"}],"version-history":[{"count":170,"href":"https:\/\/www.abcinvoice.eu\/fr\/wp-json\/wp\/v2\/pages\/1113\/revisions"}],"predecessor-version":[{"id":4273,"href":"https:\/\/www.abcinvoice.eu\/fr\/wp-json\/wp\/v2\/pages\/1113\/revisions\/4273"}],"wp:attachment":[{"href":"https:\/\/www.abcinvoice.eu\/fr\/wp-json\/wp\/v2\/media?parent=1113"}],"curies":[{"name":"wp","href":"https:\/\/api.w.org\/{rel}","templated":true}]}}